{"id":37,"date":"2014-12-02T10:55:18","date_gmt":"2014-12-02T09:55:18","guid":{"rendered":"http:\/\/www.pielnet.fr\/pielweb\/musicapiel\/?page_id=37"},"modified":"2015-01-09T15:28:58","modified_gmt":"2015-01-09T14:28:58","slug":"piel","status":"publish","type":"page","link":"https:\/\/www.pielnet.fr\/pielweb\/musicapiel\/piel\/","title":{"rendered":"Piel"},"content":{"rendered":"<p><img loading=\"lazy\" class=\"size-thumbnail wp-image-68 aligncenter\" src=\"http:\/\/www.pielnet.fr\/pielweb\/musicapiel\/wp-content\/uploads\/2014\/12\/arno-150x150.gif\" alt=\"arno\" width=\"150\" height=\"150\" \/><\/p>\n<p>&nbsp;<\/p>\n<p><strong>FR<\/strong> \u00ab\u00a0Si vous aimez les films de Fellini, ne manquez pas la \u00abrencontre\u00bb virtuelle avec Piel, fascin\u00e9 par le cirque et arts de la sc\u00e8ne, cr\u00e9ateur d&rsquo;univers plein de po\u00e9sie, de douceur, de m\u00e9lancolie subtile, exotique, onirique et magique.<\/p>\n<p>Ses compositions rappellent l&rsquo;intrigue d&rsquo;une toile d&rsquo;araign\u00e9e: ses sons a\u00e9r\u00e9s sont limpides (sons cristallins qui sortent d&rsquo;une poli-instrumentalit\u00e9 \u00e0 l&rsquo;\u00e9criture fine), mais aussi la composition en elle-m\u00eame, comme une multitude de fils qui sont tiss\u00e9s dans un mod\u00e8le ordonn\u00e9.<\/p>\n<p>Piel a cr\u00e9\u00e9 des diff\u00e9rences dans les harmonies, le contrepoint, les timbres, conduit par une intention narrative, cherchant \u00e0 construire \u00ab\u00a0des histoires de vie ou d&rsquo;amours\u00a0\u00bbUn langage personnel se d\u00e9gage dans le travail de Piel, issu de beaucoup d&rsquo;influences diff\u00e9rentes de Nino Rota \u00e0 Bjork, de Debussy \u00e0 Kurt Weill et de la musique yiddish, de Bach et de Schubert. \u00a0\u00bb (&#8230;)\u00a0<i><b>Caterina Venturelli<\/b> blog Peregrinazioni on-line, II (traduit de l&rsquo;Italien) \u00a0 \u00a0 \u00a0 \u00a0 \u00a0\u00a0<a href=\"http:\/\/caterinaventurelli.myblog.it\/2011\/02\/24\/viaggio-nel-mondo-di-arnaud-jamin\/\" target=\"_blank\">http:\/\/caterinaventurelli.myblog.it\/2011\/02\/24\/viaggio-nel-mondo-di-arnaud-jamin\/<\/a><\/i><\/p>\n<p>&nbsp;<\/p>\n<p style=\"text-align: center;\"><a href=\"http:\/\/www.pielnet.fr\/pielweb\/musicapiel\/wp-content\/uploads\/2014\/12\/PIEL_logo-1.jpg\"><img loading=\"lazy\" class=\"alignnone size-thumbnail wp-image-81\" src=\"http:\/\/www.pielnet.fr\/pielweb\/musicapiel\/wp-content\/uploads\/2014\/12\/PIEL_logo-1-150x150.jpg\" alt=\"PIEL_logo-1\" width=\"150\" height=\"150\" srcset=\"https:\/\/www.pielnet.fr\/pielweb\/musicapiel\/wp-content\/uploads\/2014\/12\/PIEL_logo-1-150x150.jpg 150w, https:\/\/www.pielnet.fr\/pielweb\/musicapiel\/wp-content\/uploads\/2014\/12\/PIEL_logo-1-300x300.jpg 300w, https:\/\/www.pielnet.fr\/pielweb\/musicapiel\/wp-content\/uploads\/2014\/12\/PIEL_logo-1-250x250.jpg 250w, https:\/\/www.pielnet.fr\/pielweb\/musicapiel\/wp-content\/uploads\/2014\/12\/PIEL_logo-1.jpg 638w\" sizes=\"(max-width: 150px) 100vw, 150px\" \/><\/a><\/p>\n<p>&nbsp;<\/p>\n<p><strong>IT<\/strong>\u00a0Se siete amanti dei film di Fellini, non mancate l'\u00a0\u00bbincontro\u00a0\u00bb virtuale con l&rsquo;autore qui presentato, da sempre affascinato dal mondo circense e dello spettacolo, creatore di un universo di volta in volta intriso di poeticit\u00e0, dolcezza, sottile malinconia, esotismo, atmosfere oniriche e magiche.<\/p>\n<p>Le sue composizioni ricordano la trama di una ragnatela: sono aeree e cristalline (sonorit\u00e0 argentine emergono spesso dalla sua raffinata scrittura polistrumentale), ma anche elaborate, con una moltitudine di fili che si intrecciano in un ordinato disegno.<\/p>\n<p>Piel crea contrasti mediante le armonie, il contrappunto, i timbri, guidato da un intento narrativo, cercando di costruire stories as life or loves .<\/p>\n<p>Nella sua formazione hanno inciso le influenze pi\u00f9 disparate, da Nino Rota a Bjork, da Debussy e Kurt Weill alla musica Yiddish, fino a Bach ea Schubert. All&rsquo;ascolto dei suoi lavori, si sente qualcosa di ciascuno di questi autori. Si sente per\u00f2 soprattutto Piel, che sintetizza i diversi influssi in un linguaggio personale.\u00a0<i><b>Caterina Venturelli<\/b>\u00a0blog Peregrinazioni on-line, II \u00a0 \u00a0 \u00a0 \u00a0 \u00a0 \u00a0 \u00a0 \u00a0 \u00a0 \u00a0 \u00a0 \u00a0 \u00a0 \u00a0 \u00a0 \u00a0 \u00a0 \u00a0 \u00a0 \u00a0 \u00a0 \u00a0 \u00a0 \u00a0 \u00a0 \u00a0 \u00a0 \u00a0 \u00a0 \u00a0 \u00a0 \u00a0 \u00a0 \u00a0 \u00a0 \u00a0 \u00a0 \u00a0 \u00a0 \u00a0 \u00a0 \u00a0 \u00a0 \u00a0 \u00a0 \u00a0 \u00a0 \u00a0 \u00a0 \u00a0 \u00a0 \u00a0 \u00a0 \u00a0 \u00a0 \u00a0 \u00a0 \u00a0 \u00a0 \u00a0 \u00a0 \u00a0 \u00a0 \u00a0 \u00a0 \u00a0 \u00a0 \u00a0 \u00a0 \u00a0<\/i><a href=\"http:\/\/caterinaventurelli.myblog.it\/2011\/02\/24\/viaggio-nel-mondo-di-arnaud-jamin\/\" target=\"_blank\">http:\/\/caterinaventurelli.myblog.it\/2011\/02\/24\/viaggio-nel-mondo-di-arnaud-jamin\/<\/a><\/p>\n<p>&nbsp;<\/p>\n<p style=\"text-align: center;\"><a href=\"http:\/\/www.pielnet.fr\/pielweb\/musicapiel\/wp-content\/uploads\/2014\/12\/26_PT_IMG_1885.jpg\"><img loading=\"lazy\" class=\"alignnone size-thumbnail wp-image-82\" src=\"http:\/\/www.pielnet.fr\/pielweb\/musicapiel\/wp-content\/uploads\/2014\/12\/26_PT_IMG_1885-150x150.jpg\" alt=\"Haut-Languedoc Tarn\" width=\"150\" height=\"150\" \/><\/a><\/p>\n<p>&nbsp;<\/p>\n<p><strong>EN<\/strong> If you are fans of Fellini, don&rsquo;t miss this \u00ab\u00a0virtual meeting\u00a0\u00bb\u00a0presented here with the author. Fascinated by the worlds of\u00a0the circus and the theatre, Piel is the creator of a universe filled with\u00a0light and poetry, subtle melancholy, exotic, dreamlike and\u00a0magic.<\/p>\n<p>His compositions evoke the intrigue of a spider&rsquo;s web, his\u00a0airy sounds are limpid (his refined poly-instrumental writing\u00a0ever creating crystalline sounds) and the composition\u00a0itself like a multitude of fine threads woven into a\u00a0structured design.<\/p>\n<p>Piel creates contrast through harmonies, counterpoint and timbre,\u00a0guided by narrative intention, in the invention of stories of life or loves.\u00a0From Nino Rota to Bjork, Debussy to Kurt Weill, Yiddish music,\u00a0Bach and Schubert; all of these influences can be sensed, overwritten\u00a0by Piel&rsquo;s own personal synthesis.\u00a0<b><i>Caterina Venturelli<\/i><\/b> blog Peregrinazioni on-line, II \u00a0 \u00a0 \u00a0 \u00a0 \u00a0 \u00a0 \u00a0 \u00a0 \u00a0 \u00a0 \u00a0 \u00a0 \u00a0 \u00a0 \u00a0 \u00a0 \u00a0 \u00a0 \u00a0 \u00a0 \u00a0 \u00a0 \u00a0 \u00a0 \u00a0 \u00a0 \u00a0 \u00a0 \u00a0 \u00a0 \u00a0 \u00a0 \u00a0 \u00a0 \u00a0 \u00a0 \u00a0 \u00a0 \u00a0 \u00a0 \u00a0 \u00a0 \u00a0 \u00a0 \u00a0 \u00a0 \u00a0 \u00a0 \u00a0 \u00a0 \u00a0 \u00a0 \u00a0 \u00a0 \u00a0 \u00a0 \u00a0 \u00a0 \u00a0 \u00a0 \u00a0 \u00a0 \u00a0 \u00a0 \u00a0 \u00a0 \u00a0 \u00a0 \u00a0 \u00a0 \u00a0 \u00a0 \u00a0 \u00a0 \u00a0 \u00a0 \u00a0 \u00a0 \u00a0 \u00a0 \u00a0 \u00a0 \u00a0 \u00a0 \u00a0 \u00a0 \u00a0 \u00a0 \u00a0 \u00a0 \u00a0 \u00a0 \u00a0 \u00a0 \u00a0\u00a0<a href=\"http:\/\/caterinaventurelli.myblog.it\/2011\/02\/24\/viaggio-nel-mondo-di-arnaud-jamin\/\" target=\"_blank\">http:\/\/caterinaventurelli.myblog.it\/2011\/02\/24\/viaggio-nel-mondo-di-arnaud-jamin\/<\/a><\/p>\n<p>&nbsp;<\/p>\n<p><a href=\"http:\/\/www.pielnet.fr\/pielweb\/musicapiel\/wp-content\/uploads\/2014\/12\/IMG_9021NBpielnet.jpg\"><img loading=\"lazy\" class=\"size-thumbnail wp-image-40 aligncenter\" src=\"http:\/\/www.pielnet.fr\/pielweb\/musicapiel\/wp-content\/uploads\/2014\/12\/IMG_9021NBpielnet-150x150.jpg\" alt=\"IMG_9021NBpielnet\" width=\"150\" height=\"150\" \/><\/a><\/p>\n","protected":false},"excerpt":{"rendered":"<p>&nbsp; FR \u00ab\u00a0Si vous aimez les films de Fellini, ne manquez pas la \u00abrencontre\u00bb virtuelle avec Piel, fascin\u00e9 par le cirque et arts de la sc\u00e8ne, cr\u00e9ateur d&rsquo;univers plein de po\u00e9sie, de douceur, de m\u00e9lancolie subtile, exotique, onirique et magique. Ses compositions rappellent l&rsquo;intrigue d&rsquo;une toile d&rsquo;araign\u00e9e: ses sons a\u00e9r\u00e9s sont limpides (sons cristallins qui [&hellip;]<\/p>\n","protected":false},"author":1,"featured_media":0,"parent":0,"menu_order":0,"comment_status":"closed","ping_status":"closed","template":"","meta":[],"yoast_head":"<!-- This site is optimized with the Yoast SEO plugin v18.3 - https:\/\/yoast.com\/wordpress\/plugins\/seo\/ -->\n<title>Piel - Music\u00e0Piel<\/title>\n<meta name=\"robots\" content=\"index, follow, max-snippet:-1, max-image-preview:large, max-video-preview:-1\" \/>\n<link rel=\"canonical\" href=\"https:\/\/www.pielnet.fr\/pielweb\/musicapiel\/piel\/\" \/>\n<meta property=\"og:locale\" content=\"fr_FR\" \/>\n<meta property=\"og:type\" content=\"article\" \/>\n<meta property=\"og:title\" content=\"Piel - Music\u00e0Piel\" \/>\n<meta property=\"og:description\" content=\"&nbsp; FR \u00ab\u00a0Si vous aimez les films de Fellini, ne manquez pas la \u00abrencontre\u00bb virtuelle avec Piel, fascin\u00e9 par le cirque et arts de la sc\u00e8ne, cr\u00e9ateur d&rsquo;univers plein de po\u00e9sie, de douceur, de m\u00e9lancolie subtile, exotique, onirique et magique. Ses compositions rappellent l&rsquo;intrigue d&rsquo;une toile d&rsquo;araign\u00e9e: ses sons a\u00e9r\u00e9s sont limpides (sons cristallins qui [&hellip;]\" \/>\n<meta property=\"og:url\" content=\"https:\/\/www.pielnet.fr\/pielweb\/musicapiel\/piel\/\" \/>\n<meta property=\"og:site_name\" content=\"Music\u00e0Piel\" \/>\n<meta property=\"article:modified_time\" content=\"2015-01-09T14:28:58+00:00\" \/>\n<meta property=\"og:image\" content=\"http:\/\/www.pielnet.fr\/pielweb\/musicapiel\/wp-content\/uploads\/2014\/12\/arno-150x150.gif\" \/>\n<meta name=\"twitter:card\" content=\"summary\" \/>\n<meta name=\"twitter:label1\" content=\"Dur\u00e9e de lecture estim\u00e9e\" \/>\n\t<meta name=\"twitter:data1\" content=\"2 minutes\" \/>\n<script type=\"application\/ld+json\" class=\"yoast-schema-graph\">{\"@context\":\"https:\/\/schema.org\",\"@graph\":[{\"@type\":\"WebSite\",\"@id\":\"https:\/\/www.pielnet.fr\/pielweb\/musicapiel\/#website\",\"url\":\"https:\/\/www.pielnet.fr\/pielweb\/musicapiel\/\",\"name\":\"Music\u00e0Piel\",\"description\":\"compositions musicales bien personnelles\",\"potentialAction\":[{\"@type\":\"SearchAction\",\"target\":{\"@type\":\"EntryPoint\",\"urlTemplate\":\"https:\/\/www.pielnet.fr\/pielweb\/musicapiel\/?s={search_term_string}\"},\"query-input\":\"required name=search_term_string\"}],\"inLanguage\":\"fr-FR\"},{\"@type\":\"ImageObject\",\"@id\":\"https:\/\/www.pielnet.fr\/pielweb\/musicapiel\/piel\/#primaryimage\",\"inLanguage\":\"fr-FR\",\"url\":\"https:\/\/www.pielnet.fr\/pielweb\/musicapiel\/wp-content\/uploads\/2014\/12\/arno.gif\",\"contentUrl\":\"https:\/\/www.pielnet.fr\/pielweb\/musicapiel\/wp-content\/uploads\/2014\/12\/arno.gif\",\"width\":250,\"height\":239},{\"@type\":\"WebPage\",\"@id\":\"https:\/\/www.pielnet.fr\/pielweb\/musicapiel\/piel\/#webpage\",\"url\":\"https:\/\/www.pielnet.fr\/pielweb\/musicapiel\/piel\/\",\"name\":\"Piel - Music\u00e0Piel\",\"isPartOf\":{\"@id\":\"https:\/\/www.pielnet.fr\/pielweb\/musicapiel\/#website\"},\"primaryImageOfPage\":{\"@id\":\"https:\/\/www.pielnet.fr\/pielweb\/musicapiel\/piel\/#primaryimage\"},\"datePublished\":\"2014-12-02T09:55:18+00:00\",\"dateModified\":\"2015-01-09T14:28:58+00:00\",\"breadcrumb\":{\"@id\":\"https:\/\/www.pielnet.fr\/pielweb\/musicapiel\/piel\/#breadcrumb\"},\"inLanguage\":\"fr-FR\",\"potentialAction\":[{\"@type\":\"ReadAction\",\"target\":[\"https:\/\/www.pielnet.fr\/pielweb\/musicapiel\/piel\/\"]}]},{\"@type\":\"BreadcrumbList\",\"@id\":\"https:\/\/www.pielnet.fr\/pielweb\/musicapiel\/piel\/#breadcrumb\",\"itemListElement\":[{\"@type\":\"ListItem\",\"position\":1,\"name\":\"Accueil\",\"item\":\"https:\/\/www.pielnet.fr\/pielweb\/musicapiel\/\"},{\"@type\":\"ListItem\",\"position\":2,\"name\":\"Piel\"}]}]}<\/script>\n<!-- \/ Yoast SEO plugin. -->","yoast_head_json":{"title":"Piel - Music\u00e0Piel","robots":{"index":"index","follow":"follow","max-snippet":"max-snippet:-1","max-image-preview":"max-image-preview:large","max-video-preview":"max-video-preview:-1"},"canonical":"https:\/\/www.pielnet.fr\/pielweb\/musicapiel\/piel\/","og_locale":"fr_FR","og_type":"article","og_title":"Piel - Music\u00e0Piel","og_description":"&nbsp; FR \u00ab\u00a0Si vous aimez les films de Fellini, ne manquez pas la \u00abrencontre\u00bb virtuelle avec Piel, fascin\u00e9 par le cirque et arts de la sc\u00e8ne, cr\u00e9ateur d&rsquo;univers plein de po\u00e9sie, de douceur, de m\u00e9lancolie subtile, exotique, onirique et magique. Ses compositions rappellent l&rsquo;intrigue d&rsquo;une toile d&rsquo;araign\u00e9e: ses sons a\u00e9r\u00e9s sont limpides (sons cristallins qui [&hellip;]","og_url":"https:\/\/www.pielnet.fr\/pielweb\/musicapiel\/piel\/","og_site_name":"Music\u00e0Piel","article_modified_time":"2015-01-09T14:28:58+00:00","og_image":[{"url":"http:\/\/www.pielnet.fr\/pielweb\/musicapiel\/wp-content\/uploads\/2014\/12\/arno-150x150.gif"}],"twitter_card":"summary","twitter_misc":{"Dur\u00e9e de lecture estim\u00e9e":"2 minutes"},"schema":{"@context":"https:\/\/schema.org","@graph":[{"@type":"WebSite","@id":"https:\/\/www.pielnet.fr\/pielweb\/musicapiel\/#website","url":"https:\/\/www.pielnet.fr\/pielweb\/musicapiel\/","name":"Music\u00e0Piel","description":"compositions musicales bien personnelles","potentialAction":[{"@type":"SearchAction","target":{"@type":"EntryPoint","urlTemplate":"https:\/\/www.pielnet.fr\/pielweb\/musicapiel\/?s={search_term_string}"},"query-input":"required name=search_term_string"}],"inLanguage":"fr-FR"},{"@type":"ImageObject","@id":"https:\/\/www.pielnet.fr\/pielweb\/musicapiel\/piel\/#primaryimage","inLanguage":"fr-FR","url":"https:\/\/www.pielnet.fr\/pielweb\/musicapiel\/wp-content\/uploads\/2014\/12\/arno.gif","contentUrl":"https:\/\/www.pielnet.fr\/pielweb\/musicapiel\/wp-content\/uploads\/2014\/12\/arno.gif","width":250,"height":239},{"@type":"WebPage","@id":"https:\/\/www.pielnet.fr\/pielweb\/musicapiel\/piel\/#webpage","url":"https:\/\/www.pielnet.fr\/pielweb\/musicapiel\/piel\/","name":"Piel - Music\u00e0Piel","isPartOf":{"@id":"https:\/\/www.pielnet.fr\/pielweb\/musicapiel\/#website"},"primaryImageOfPage":{"@id":"https:\/\/www.pielnet.fr\/pielweb\/musicapiel\/piel\/#primaryimage"},"datePublished":"2014-12-02T09:55:18+00:00","dateModified":"2015-01-09T14:28:58+00:00","breadcrumb":{"@id":"https:\/\/www.pielnet.fr\/pielweb\/musicapiel\/piel\/#breadcrumb"},"inLanguage":"fr-FR","potentialAction":[{"@type":"ReadAction","target":["https:\/\/www.pielnet.fr\/pielweb\/musicapiel\/piel\/"]}]},{"@type":"BreadcrumbList","@id":"https:\/\/www.pielnet.fr\/pielweb\/musicapiel\/piel\/#breadcrumb","itemListElement":[{"@type":"ListItem","position":1,"name":"Accueil","item":"https:\/\/www.pielnet.fr\/pielweb\/musicapiel\/"},{"@type":"ListItem","position":2,"name":"Piel"}]}]}},"_links":{"self":[{"href":"https:\/\/www.pielnet.fr\/pielweb\/musicapiel\/wp-json\/wp\/v2\/pages\/37"}],"collection":[{"href":"https:\/\/www.pielnet.fr\/pielweb\/musicapiel\/wp-json\/wp\/v2\/pages"}],"about":[{"href":"https:\/\/www.pielnet.fr\/pielweb\/musicapiel\/wp-json\/wp\/v2\/types\/page"}],"author":[{"embeddable":true,"href":"https:\/\/www.pielnet.fr\/pielweb\/musicapiel\/wp-json\/wp\/v2\/users\/1"}],"replies":[{"embeddable":true,"href":"https:\/\/www.pielnet.fr\/pielweb\/musicapiel\/wp-json\/wp\/v2\/comments?post=37"}],"version-history":[{"count":22,"href":"https:\/\/www.pielnet.fr\/pielweb\/musicapiel\/wp-json\/wp\/v2\/pages\/37\/revisions"}],"predecessor-version":[{"id":84,"href":"https:\/\/www.pielnet.fr\/pielweb\/musicapiel\/wp-json\/wp\/v2\/pages\/37\/revisions\/84"}],"wp:attachment":[{"href":"https:\/\/www.pielnet.fr\/pielweb\/musicapiel\/wp-json\/wp\/v2\/media?parent=37"}],"curies":[{"name":"wp","href":"https:\/\/api.w.org\/{rel}","templated":true}]}}