{"id":1788,"date":"2020-05-13T09:20:40","date_gmt":"2020-05-13T08:20:40","guid":{"rendered":"http:\/\/www.pielnet.fr\/carnet\/?page_id=1788"},"modified":"2020-05-13T15:57:36","modified_gmt":"2020-05-13T14:57:36","slug":"eac","status":"publish","type":"page","link":"https:\/\/www.pielnet.fr\/carnet\/eac\/","title":{"rendered":"\u00e9ducation \u00e0 l&rsquo;image"},"content":{"rendered":"<p>[newsletter]<\/p>\n\n\n\n<p>Arnaud JAMIN 0630084430 vous pouvez me contacter par l\u00e0.. Cr\u00e9ations au service des arts, de la culture, du social, de l\u2019humain, du local et de la communaut\u00e9 et d\u2019une certaine beaut\u00e9 du monde. D\u00e9veloppement \u2026<\/p>\n","protected":false},"excerpt":{"rendered":"<p>Arnaud JAMIN 0630084430 vous pouvez me contacter par l\u00e0.. Cr\u00e9ations au service des arts, de la culture, du social, de l\u2019humain, du local et de la communaut\u00e9 et d\u2019une certaine beaut\u00e9 du monde. D\u00e9veloppement \u2026<\/p>\n","protected":false},"author":1,"featured_media":1830,"parent":0,"menu_order":0,"comment_status":"closed","ping_status":"closed","template":"","meta":{"footnotes":""},"class_list":["post-1788","page","type-page","status-publish","has-post-thumbnail","hentry"],"yoast_head":"<!-- This site is optimized with the Yoast SEO plugin v26.7 - https:\/\/yoast.com\/wordpress\/plugins\/seo\/ -->\n<title>\u00e9ducation \u00e0 l&#039;image - le carnet - Piel<\/title>\n<meta name=\"robots\" content=\"index, follow, max-snippet:-1, max-image-preview:large, max-video-preview:-1\" \/>\n<link rel=\"canonical\" href=\"https:\/\/www.pielnet.fr\/carnet\/eac\/\" \/>\n<meta property=\"og:locale\" content=\"fr_FR\" \/>\n<meta property=\"og:type\" content=\"article\" \/>\n<meta property=\"og:title\" content=\"\u00e9ducation \u00e0 l&#039;image - le carnet - Piel\" \/>\n<meta property=\"og:description\" content=\"Arnaud JAMIN 0630084430 vous pouvez me contacter par l\u00e0.. Cr\u00e9ations au service des arts, de la culture, du social, de l\u2019humain, du local et de la communaut\u00e9 et d\u2019une certaine beaut\u00e9 du monde. D\u00e9veloppement \u2026\" \/>\n<meta property=\"og:url\" content=\"https:\/\/www.pielnet.fr\/carnet\/eac\/\" \/>\n<meta property=\"og:site_name\" content=\"le carnet - Piel\" \/>\n<meta property=\"article:modified_time\" content=\"2020-05-13T14:57:36+00:00\" \/>\n<meta property=\"og:image\" content=\"https:\/\/www.pielnet.fr\/carnet\/wp-content\/uploads\/2020\/05\/fondAVRILateliersDOCUS2.png\" \/>\n\t<meta property=\"og:image:width\" content=\"1886\" \/>\n\t<meta property=\"og:image:height\" content=\"929\" \/>\n\t<meta property=\"og:image:type\" content=\"image\/png\" \/>\n<meta name=\"twitter:card\" content=\"summary_large_image\" \/>\n<script type=\"application\/ld+json\" class=\"yoast-schema-graph\">{\"@context\":\"https:\/\/schema.org\",\"@graph\":[{\"@type\":\"WebPage\",\"@id\":\"https:\/\/www.pielnet.fr\/carnet\/eac\/\",\"url\":\"https:\/\/www.pielnet.fr\/carnet\/eac\/\",\"name\":\"\u00e9ducation \u00e0 l'image - le carnet - Piel\",\"isPartOf\":{\"@id\":\"https:\/\/www.pielnet.fr\/carnet\/#website\"},\"primaryImageOfPage\":{\"@id\":\"https:\/\/www.pielnet.fr\/carnet\/eac\/#primaryimage\"},\"image\":{\"@id\":\"https:\/\/www.pielnet.fr\/carnet\/eac\/#primaryimage\"},\"thumbnailUrl\":\"https:\/\/www.pielnet.fr\/carnet\/wp-content\/uploads\/2020\/05\/fondAVRILateliersDOCUS2.png\",\"datePublished\":\"2020-05-13T08:20:40+00:00\",\"dateModified\":\"2020-05-13T14:57:36+00:00\",\"breadcrumb\":{\"@id\":\"https:\/\/www.pielnet.fr\/carnet\/eac\/#breadcrumb\"},\"inLanguage\":\"fr-FR\",\"potentialAction\":[{\"@type\":\"ReadAction\",\"target\":[\"https:\/\/www.pielnet.fr\/carnet\/eac\/\"]}]},{\"@type\":\"ImageObject\",\"inLanguage\":\"fr-FR\",\"@id\":\"https:\/\/www.pielnet.fr\/carnet\/eac\/#primaryimage\",\"url\":\"https:\/\/www.pielnet.fr\/carnet\/wp-content\/uploads\/2020\/05\/fondAVRILateliersDOCUS2.png\",\"contentUrl\":\"https:\/\/www.pielnet.fr\/carnet\/wp-content\/uploads\/2020\/05\/fondAVRILateliersDOCUS2.png\",\"width\":1886,\"height\":929},{\"@type\":\"BreadcrumbList\",\"@id\":\"https:\/\/www.pielnet.fr\/carnet\/eac\/#breadcrumb\",\"itemListElement\":[{\"@type\":\"ListItem\",\"position\":1,\"name\":\"Accueil\",\"item\":\"https:\/\/www.pielnet.fr\/carnet\/\"},{\"@type\":\"ListItem\",\"position\":2,\"name\":\"\u00e9ducation \u00e0 l&rsquo;image\"}]},{\"@type\":\"WebSite\",\"@id\":\"https:\/\/www.pielnet.fr\/carnet\/#website\",\"url\":\"https:\/\/www.pielnet.fr\/carnet\/\",\"name\":\"le carnet - Piel\",\"description\":\"R\u00e9cits &amp; Territoires - Raconter en images les r\u00e9cits du sensible\",\"publisher\":{\"@id\":\"https:\/\/www.pielnet.fr\/carnet\/#\/schema\/person\/7c09d20dd138514cf3647ce37f1f755d\"},\"potentialAction\":[{\"@type\":\"SearchAction\",\"target\":{\"@type\":\"EntryPoint\",\"urlTemplate\":\"https:\/\/www.pielnet.fr\/carnet\/?s={search_term_string}\"},\"query-input\":{\"@type\":\"PropertyValueSpecification\",\"valueRequired\":true,\"valueName\":\"search_term_string\"}}],\"inLanguage\":\"fr-FR\"},{\"@type\":[\"Person\",\"Organization\"],\"@id\":\"https:\/\/www.pielnet.fr\/carnet\/#\/schema\/person\/7c09d20dd138514cf3647ce37f1f755d\",\"name\":\"arnopiel\",\"image\":{\"@type\":\"ImageObject\",\"inLanguage\":\"fr-FR\",\"@id\":\"https:\/\/www.pielnet.fr\/carnet\/#\/schema\/person\/image\/\",\"url\":\"https:\/\/www.pielnet.fr\/carnet\/wp-content\/uploads\/2021\/01\/IMG_20201212_150932.jpg\",\"contentUrl\":\"https:\/\/www.pielnet.fr\/carnet\/wp-content\/uploads\/2021\/01\/IMG_20201212_150932.jpg\",\"width\":1432,\"height\":1432,\"caption\":\"arnopiel\"},\"logo\":{\"@id\":\"https:\/\/www.pielnet.fr\/carnet\/#\/schema\/person\/image\/\"}}]}<\/script>\n<!-- \/ Yoast SEO plugin. -->","yoast_head_json":{"title":"\u00e9ducation \u00e0 l'image - le carnet - Piel","robots":{"index":"index","follow":"follow","max-snippet":"max-snippet:-1","max-image-preview":"max-image-preview:large","max-video-preview":"max-video-preview:-1"},"canonical":"https:\/\/www.pielnet.fr\/carnet\/eac\/","og_locale":"fr_FR","og_type":"article","og_title":"\u00e9ducation \u00e0 l'image - le carnet - Piel","og_description":"Arnaud JAMIN 0630084430 vous pouvez me contacter par l\u00e0.. Cr\u00e9ations au service des arts, de la culture, du social, de l\u2019humain, du local et de la communaut\u00e9 et d\u2019une certaine beaut\u00e9 du monde. D\u00e9veloppement \u2026","og_url":"https:\/\/www.pielnet.fr\/carnet\/eac\/","og_site_name":"le carnet - Piel","article_modified_time":"2020-05-13T14:57:36+00:00","og_image":[{"width":1886,"height":929,"url":"https:\/\/www.pielnet.fr\/carnet\/wp-content\/uploads\/2020\/05\/fondAVRILateliersDOCUS2.png","type":"image\/png"}],"twitter_card":"summary_large_image","schema":{"@context":"https:\/\/schema.org","@graph":[{"@type":"WebPage","@id":"https:\/\/www.pielnet.fr\/carnet\/eac\/","url":"https:\/\/www.pielnet.fr\/carnet\/eac\/","name":"\u00e9ducation \u00e0 l'image - le carnet - Piel","isPartOf":{"@id":"https:\/\/www.pielnet.fr\/carnet\/#website"},"primaryImageOfPage":{"@id":"https:\/\/www.pielnet.fr\/carnet\/eac\/#primaryimage"},"image":{"@id":"https:\/\/www.pielnet.fr\/carnet\/eac\/#primaryimage"},"thumbnailUrl":"https:\/\/www.pielnet.fr\/carnet\/wp-content\/uploads\/2020\/05\/fondAVRILateliersDOCUS2.png","datePublished":"2020-05-13T08:20:40+00:00","dateModified":"2020-05-13T14:57:36+00:00","breadcrumb":{"@id":"https:\/\/www.pielnet.fr\/carnet\/eac\/#breadcrumb"},"inLanguage":"fr-FR","potentialAction":[{"@type":"ReadAction","target":["https:\/\/www.pielnet.fr\/carnet\/eac\/"]}]},{"@type":"ImageObject","inLanguage":"fr-FR","@id":"https:\/\/www.pielnet.fr\/carnet\/eac\/#primaryimage","url":"https:\/\/www.pielnet.fr\/carnet\/wp-content\/uploads\/2020\/05\/fondAVRILateliersDOCUS2.png","contentUrl":"https:\/\/www.pielnet.fr\/carnet\/wp-content\/uploads\/2020\/05\/fondAVRILateliersDOCUS2.png","width":1886,"height":929},{"@type":"BreadcrumbList","@id":"https:\/\/www.pielnet.fr\/carnet\/eac\/#breadcrumb","itemListElement":[{"@type":"ListItem","position":1,"name":"Accueil","item":"https:\/\/www.pielnet.fr\/carnet\/"},{"@type":"ListItem","position":2,"name":"\u00e9ducation \u00e0 l&rsquo;image"}]},{"@type":"WebSite","@id":"https:\/\/www.pielnet.fr\/carnet\/#website","url":"https:\/\/www.pielnet.fr\/carnet\/","name":"le carnet - Piel","description":"R\u00e9cits &amp; Territoires - Raconter en images les r\u00e9cits du sensible","publisher":{"@id":"https:\/\/www.pielnet.fr\/carnet\/#\/schema\/person\/7c09d20dd138514cf3647ce37f1f755d"},"potentialAction":[{"@type":"SearchAction","target":{"@type":"EntryPoint","urlTemplate":"https:\/\/www.pielnet.fr\/carnet\/?s={search_term_string}"},"query-input":{"@type":"PropertyValueSpecification","valueRequired":true,"valueName":"search_term_string"}}],"inLanguage":"fr-FR"},{"@type":["Person","Organization"],"@id":"https:\/\/www.pielnet.fr\/carnet\/#\/schema\/person\/7c09d20dd138514cf3647ce37f1f755d","name":"arnopiel","image":{"@type":"ImageObject","inLanguage":"fr-FR","@id":"https:\/\/www.pielnet.fr\/carnet\/#\/schema\/person\/image\/","url":"https:\/\/www.pielnet.fr\/carnet\/wp-content\/uploads\/2021\/01\/IMG_20201212_150932.jpg","contentUrl":"https:\/\/www.pielnet.fr\/carnet\/wp-content\/uploads\/2021\/01\/IMG_20201212_150932.jpg","width":1432,"height":1432,"caption":"arnopiel"},"logo":{"@id":"https:\/\/www.pielnet.fr\/carnet\/#\/schema\/person\/image\/"}}]}},"_links":{"self":[{"href":"https:\/\/www.pielnet.fr\/carnet\/wp-json\/wp\/v2\/pages\/1788","targetHints":{"allow":["GET"]}}],"collection":[{"href":"https:\/\/www.pielnet.fr\/carnet\/wp-json\/wp\/v2\/pages"}],"about":[{"href":"https:\/\/www.pielnet.fr\/carnet\/wp-json\/wp\/v2\/types\/page"}],"author":[{"embeddable":true,"href":"https:\/\/www.pielnet.fr\/carnet\/wp-json\/wp\/v2\/users\/1"}],"replies":[{"embeddable":true,"href":"https:\/\/www.pielnet.fr\/carnet\/wp-json\/wp\/v2\/comments?post=1788"}],"version-history":[{"count":2,"href":"https:\/\/www.pielnet.fr\/carnet\/wp-json\/wp\/v2\/pages\/1788\/revisions"}],"predecessor-version":[{"id":1793,"href":"https:\/\/www.pielnet.fr\/carnet\/wp-json\/wp\/v2\/pages\/1788\/revisions\/1793"}],"wp:featuredmedia":[{"embeddable":true,"href":"https:\/\/www.pielnet.fr\/carnet\/wp-json\/wp\/v2\/media\/1830"}],"wp:attachment":[{"href":"https:\/\/www.pielnet.fr\/carnet\/wp-json\/wp\/v2\/media?parent=1788"}],"curies":[{"name":"wp","href":"https:\/\/api.w.org\/{rel}","templated":true}]}}